{"id":2878,"date":"2022-10-28T15:28:07","date_gmt":"2022-10-28T15:28:07","guid":{"rendered":"http:\/\/192.168.0.235\/finbiz\/?page_id=2878"},"modified":"2025-05-03T15:59:09","modified_gmt":"2025-05-03T12:59:09","slug":"our-services","status":"publish","type":"page","link":"https:\/\/mirosgb.com\/?page_id=2878","title":{"rendered":"Hizmetlerimiz"},"content":{"rendered":"\t\t<div data-elementor-type=\"wp-page\" data-elementor-id=\"2878\" class=\"elementor elementor-2878\">\n\t\t\t\t\t\t<section class=\"elementor-section elementor-top-section elementor-element elementor-element-01688e4 elementor-section-stretched elementor-section-boxed elementor-section-height-default elementor-section-height-default\" data-id=\"01688e4\" data-element_type=\"section\" data-settings=\"{&quot;background_background&quot;:&quot;classic&quot;,&quot;stretch_section&quot;:&quot;section-stretched&quot;}\">\n\t\t\t\t\t\t<div class=\"elementor-container elementor-column-gap-default\">\n\t\t\t\t\t<div class=\"elementor-column elementor-col-100 elementor-top-column elementor-element elementor-element-1b97775\" data-id=\"1b97775\" data-element_type=\"column\">\n\t\t\t<div class=\"elementor-widget-wrap elementor-element-populated\">\n\t\t\t\t\t\t<section class=\"elementor-section elementor-inner-section elementor-element elementor-element-6f47795 elementor-section-boxed elementor-section-height-default elementor-section-height-default\" data-id=\"6f47795\" data-element_type=\"section\">\n\t\t\t\t\t\t<div class=\"elementor-container elementor-column-gap-extended\">\n\t\t\t\t\t<div class=\"elementor-column elementor-col-33 elementor-inner-column elementor-element elementor-element-c19f836\" data-id=\"c19f836\" data-element_type=\"column\">\n\t\t\t<div class=\"elementor-widget-wrap elementor-element-populated\">\n\t\t\t\t\t\t<div class=\"elementor-element elementor-element-932d738 elementor-widget elementor-widget-rt-service-grid\" data-id=\"932d738\" data-element_type=\"widget\" data-widget_type=\"rt-service-grid.default\">\n\t\t\t\t<div class=\"elementor-widget-container\">\n\t\t\t\t\t<div class=\"react-addon-services services-style4\">\r\n    <div class=\"services-part\">\r\n    \t    \t\t<div class=\"services-icon\">\r\n\t    \t\t\t    \t\t\t    \t\t\t<img decoding=\"async\" data-src=\"http:\/\/mirosgb.com\/wp-content\/uploads\/2025\/05\/is-guvenligi-uzmani-hizmeti-mirosgb.jpg\" alt=\"image\" src=\"data:image\/gif;base64,R0lGODlhAQABAAAAACH5BAEKAAEALAAAAAABAAEAAAICTAEAOw==\" class=\"lazyload\" style=\"--smush-placeholder-width: 410px; --smush-placeholder-aspect-ratio: 410\/285;\" \/>\r\n\t    \t\t\t\t\t\t\t\t    \t\t\t<span class=\"number\">01<\/span>\r\n\t\t    \t\t    \t\t<\/div>\t\r\n    \t\t\t    \t\t       \r\n\t    <div class=\"services-text style5\">\r\n\t\t\t<div class=\"hidden-area\">\r\n\t    \t\t\t    \t<div class=\"services-title\">\t\t    \t\t\r\n\t\t    \t\t\r\n\t\t    \t\t\t\t\t\t\t    \t\t\t\t\t\t\t    \t\t\t\r\n\t\t    \t\t<h2  class=\"title\"> <a href=\"https:\/\/mirosgb.com\/?page_id=4691\"  >\u0130\u015f G\u00fcvenli\u011fi Uzman\u0131 Hizmeti<\/a><\/h2>\r\n\t\t    \t\t\t\t\t\t    \t\t\r\n\t\t    \t<\/div>\r\n\t    \t\t\r\n\r\n\t    \t\t    \t\t<div class=\"services-txt\">  <p class=\"disc\">\u0130\u015f g\u00fcvenli\u011fi uzman\u0131 hizmeti, i\u015fyerlerinde g\u00fcvenli ve s\u00fcrd\u00fcr\u00fclebilir bir \u00e7al\u0131\u015fma ortam\u0131 olu\u015fturman\u0131n temelidir.<\/p><\/div>\t\r\n\t    \t\t\r\n\r\n\t    \t\r\n\t\t    \t<div class=\"services-btn-part\">\r\n\t\t    \t\t\t\t    \t\t\r\n\t    \t\t\t<a class=\"services-btn icon-after\" href=\"https:\/\/mirosgb.com\/?page_id=4691\" >\r\n\r\n\t    \t\t\t\t<span class=\"btn_text\">\r\n\t    \t\t\t\t\tDevam\u0131..    \t\t\t\t\t\t\r\n\t    \t\t\t\t<\/span>\r\n\t    \t\t\t\t\t\t\t\t\t\t<i aria-hidden=\"true\" class=\"fas fa-arrow-right\"><\/i>\t\t\t\t\t\t\t\r\n\t    \t\t\t<\/a>\t    \t\t    \t\t\r\n\t\t    \t\t\r\n\t\t    \t<\/div>\r\n\t    \t\t\t\t<\/div>\r\n\t    <\/div>\r\n\t<\/div>\r\n<\/div>\t\t\t\t<\/div>\n\t\t\t\t<\/div>\n\t\t\t\t\t<\/div>\n\t\t<\/div>\n\t\t\t\t<div class=\"elementor-column elementor-col-33 elementor-inner-column elementor-element elementor-element-43973ae\" data-id=\"43973ae\" data-element_type=\"column\">\n\t\t\t<div class=\"elementor-widget-wrap elementor-element-populated\">\n\t\t\t\t\t\t<div class=\"elementor-element elementor-element-2890db0 elementor-widget elementor-widget-rt-service-grid\" data-id=\"2890db0\" data-element_type=\"widget\" data-widget_type=\"rt-service-grid.default\">\n\t\t\t\t<div class=\"elementor-widget-container\">\n\t\t\t\t\t<div class=\"react-addon-services services-style4\">\r\n    <div class=\"services-part\">\r\n    \t    \t\t<div class=\"services-icon\">\r\n\t    \t\t\t    \t\t\t    \t\t\t<img decoding=\"async\" data-src=\"http:\/\/mirosgb.com\/wp-content\/uploads\/2025\/05\/is-yeri-hekimligi-hizmeti-mirosgb.jpg\" alt=\"image\" src=\"data:image\/gif;base64,R0lGODlhAQABAAAAACH5BAEKAAEALAAAAAABAAEAAAICTAEAOw==\" class=\"lazyload\" style=\"--smush-placeholder-width: 420px; --smush-placeholder-aspect-ratio: 420\/285;\" \/>\r\n\t    \t\t\t\t\t\t\t\t    \t\t\t<span class=\"number\">02<\/span>\r\n\t\t    \t\t    \t\t<\/div>\t\r\n    \t\t\t    \t\t       \r\n\t    <div class=\"services-text style5\">\r\n\t\t\t<div class=\"hidden-area\">\r\n\t    \t\t\t    \t<div class=\"services-title\">\t\t    \t\t\r\n\t\t    \t\t\r\n\t\t    \t\t\t\t\t\t\t    \t\t\t\t\t\t\t    \t\t\t\r\n\t\t    \t\t<h2  class=\"title\"> <a href=\"https:\/\/mirosgb.com\/?page_id=2314\"  >\u0130\u015fyeri Hekimi Hizmeti<\/a><\/h2>\r\n\t\t    \t\t\t\t\t\t    \t\t\r\n\t\t    \t<\/div>\r\n\t    \t\t\r\n\r\n\t    \t\t    \t\t<div class=\"services-txt\">  <p>\u0130\u015fyeri hekimli\u011fi hizmeti, \u00e7al\u0131\u015fanlar\u0131n sa\u011fl\u0131\u011f\u0131n\u0131 korumak ve i\u015fyerinde sa\u011fl\u0131k risklerini en aza indirmek amac\u0131yla sunulan kritik bir hizmettir.<\/p><\/div>\t\r\n\t    \t\t\r\n\r\n\t    \t\r\n\t\t    \t<div class=\"services-btn-part\">\r\n\t\t    \t\t\t\t    \t\t\r\n\t    \t\t\t<a class=\"services-btn icon-after\" href=\"https:\/\/mirosgb.com\/?page_id=2314\" >\r\n\r\n\t    \t\t\t\t<span class=\"btn_text\">\r\n\t    \t\t\t\t\tRead More    \t\t\t\t\t\t\r\n\t    \t\t\t\t<\/span>\r\n\t    \t\t\t\t\t\t\t\t\t\t<i aria-hidden=\"true\" class=\"fas fa-arrow-right\"><\/i>\t\t\t\t\t\t\t\r\n\t    \t\t\t<\/a>\t    \t\t    \t\t\r\n\t\t    \t\t\r\n\t\t    \t<\/div>\r\n\t    \t\t\t\t<\/div>\r\n\t    <\/div>\r\n\t<\/div>\r\n<\/div>\t\t\t\t<\/div>\n\t\t\t\t<\/div>\n\t\t\t\t\t<\/div>\n\t\t<\/div>\n\t\t\t\t<div class=\"elementor-column elementor-col-33 elementor-inner-column elementor-element elementor-element-3a5b5e6\" data-id=\"3a5b5e6\" data-element_type=\"column\">\n\t\t\t<div class=\"elementor-widget-wrap elementor-element-populated\">\n\t\t\t\t\t\t<div class=\"elementor-element elementor-element-c99ec7e elementor-widget elementor-widget-rt-service-grid\" data-id=\"c99ec7e\" data-element_type=\"widget\" data-widget_type=\"rt-service-grid.default\">\n\t\t\t\t<div class=\"elementor-widget-container\">\n\t\t\t\t\t<div class=\"react-addon-services services-style4\">\r\n    <div class=\"services-part\">\r\n    \t    \t\t<div class=\"services-icon\">\r\n\t    \t\t\t    \t\t\t    \t\t\t<img decoding=\"async\" data-src=\"http:\/\/mirosgb.com\/wp-content\/uploads\/2025\/05\/diger-saglik-personeli-hizmeti.jpg\" alt=\"image\" src=\"data:image\/gif;base64,R0lGODlhAQABAAAAACH5BAEKAAEALAAAAAABAAEAAAICTAEAOw==\" class=\"lazyload\" style=\"--smush-placeholder-width: 420px; --smush-placeholder-aspect-ratio: 420\/285;\" \/>\r\n\t    \t\t\t\t\t\t\t\t    \t\t\t<span class=\"number\">03<\/span>\r\n\t\t    \t\t    \t\t<\/div>\t\r\n    \t\t\t    \t\t       \r\n\t    <div class=\"services-text style5\">\r\n\t\t\t<div class=\"hidden-area\">\r\n\t    \t\t\t    \t<div class=\"services-title\">\t\t    \t\t\r\n\t\t    \t\t\r\n\t\t    \t\t\t\t\t\t\t    \t\t\t\t\t\t\t    \t\t\t\r\n\t\t    \t\t<h2  class=\"title\"> <a href=\"https:\/\/mirosgb.com\/?page_id=4695\"  >Di\u011fer Sa\u011fl\u0131k Personeli Hizmeti<\/a><\/h2>\r\n\t\t    \t\t\t\t\t\t    \t\t\r\n\t\t    \t<\/div>\r\n\t    \t\t\r\n\r\n\t    \t\t    \t\t<div class=\"services-txt\">  <p>Di\u011fer sa\u011fl\u0131k personeli hizmeti, i\u015fyerinizde sa\u011fl\u0131k ve g\u00fcvenlik hizmetlerinin etkin bir \u015fekilde sunulmas\u0131n\u0131 sa\u011flamak amac\u0131yla sunulan \u00f6nemli bir hizmettir.\u00a0<\/p><\/div>\t\r\n\t    \t\t\r\n\r\n\t    \t\r\n\t\t    \t<div class=\"services-btn-part\">\r\n\t\t    \t\t\t\t    \t\t\r\n\t    \t\t\t<a class=\"services-btn icon-after\" href=\"https:\/\/mirosgb.com\/?page_id=4695\" >\r\n\r\n\t    \t\t\t\t<span class=\"btn_text\">\r\n\t    \t\t\t\t\tRead More    \t\t\t\t\t\t\r\n\t    \t\t\t\t<\/span>\r\n\t    \t\t\t\t\t\t\t\t\t\t<i aria-hidden=\"true\" class=\"fas fa-arrow-right\"><\/i>\t\t\t\t\t\t\t\r\n\t    \t\t\t<\/a>\t    \t\t    \t\t\r\n\t\t    \t\t\r\n\t\t    \t<\/div>\r\n\t    \t\t\t\t<\/div>\r\n\t    <\/div>\r\n\t<\/div>\r\n<\/div>\t\t\t\t<\/div>\n\t\t\t\t<\/div>\n\t\t\t\t\t<\/div>\n\t\t<\/div>\n\t\t\t\t\t<\/div>\n\t\t<\/section>\n\t\t\t\t<section class=\"elementor-section elementor-inner-section elementor-element elementor-element-611224b elementor-section-boxed elementor-section-height-default elementor-section-height-default\" data-id=\"611224b\" data-element_type=\"section\">\n\t\t\t\t\t\t<div class=\"elementor-container elementor-column-gap-extended\">\n\t\t\t\t\t<div class=\"elementor-column elementor-col-33 elementor-inner-column elementor-element elementor-element-b5b2504\" data-id=\"b5b2504\" data-element_type=\"column\">\n\t\t\t<div class=\"elementor-widget-wrap elementor-element-populated\">\n\t\t\t\t\t\t<div class=\"elementor-element elementor-element-d726b60 elementor-widget elementor-widget-rt-service-grid\" data-id=\"d726b60\" data-element_type=\"widget\" data-widget_type=\"rt-service-grid.default\">\n\t\t\t\t<div class=\"elementor-widget-container\">\n\t\t\t\t\t<div class=\"react-addon-services services-style4\">\r\n    <div class=\"services-part\">\r\n    \t    \t\t<div class=\"services-icon\">\r\n\t    \t\t\t    \t\t\t    \t\t\t<img decoding=\"async\" data-src=\"http:\/\/mirosgb.com\/wp-content\/uploads\/2025\/05\/risk-degerlendirme-raporu-hizmeti-mirosgb.jpeg\" alt=\"image\" src=\"data:image\/gif;base64,R0lGODlhAQABAAAAACH5BAEKAAEALAAAAAABAAEAAAICTAEAOw==\" class=\"lazyload\" style=\"--smush-placeholder-width: 420px; --smush-placeholder-aspect-ratio: 420\/285;\" \/>\r\n\t    \t\t\t\t\t\t\t\t    \t\t\t<span class=\"number\">04<\/span>\r\n\t\t    \t\t    \t\t<\/div>\t\r\n    \t\t\t    \t\t       \r\n\t    <div class=\"services-text style5\">\r\n\t\t\t<div class=\"hidden-area\">\r\n\t    \t\t\t    \t<div class=\"services-title\">\t\t    \t\t\r\n\t\t    \t\t\r\n\t\t    \t\t\t\t\t\t\t    \t\t\t\t\t\t\t    \t\t\t\r\n\t\t    \t\t<h2  class=\"title\"> <a href=\"https:\/\/mirosgb.com\/?page_id=4697\"  > Risk De\u011ferlendirme Raporu Haz\u0131rlama<\/a><\/h2>\r\n\t\t    \t\t\t\t\t\t    \t\t\r\n\t\t    \t<\/div>\r\n\t    \t\t\r\n\r\n\t    \t\t    \t\t<div class=\"services-txt\">  <p>Risk de\u011ferlendirme raporu haz\u0131rlama hizmeti, i\u015fyerinizde mevcut ve potansiyel risklerin tespit edilmesi ve bu risklerin minimize edilmesi amac\u0131yla sunulan kritik bir hizmettir.<\/p><\/div>\t\r\n\t    \t\t\r\n\r\n\t    \t\r\n\t\t    \t<div class=\"services-btn-part\">\r\n\t\t    \t\t\t\t    \t\t\r\n\t    \t\t\t<a class=\"services-btn icon-after\" href=\"https:\/\/mirosgb.com\/?page_id=4697\" >\r\n\r\n\t    \t\t\t\t<span class=\"btn_text\">\r\n\t    \t\t\t\t\tRead More    \t\t\t\t\t\t\r\n\t    \t\t\t\t<\/span>\r\n\t    \t\t\t\t\t\t\t\t\t\t<i aria-hidden=\"true\" class=\"fas fa-arrow-right\"><\/i>\t\t\t\t\t\t\t\r\n\t    \t\t\t<\/a>\t    \t\t    \t\t\r\n\t\t    \t\t\r\n\t\t    \t<\/div>\r\n\t    \t\t\t\t<\/div>\r\n\t    <\/div>\r\n\t<\/div>\r\n<\/div>\t\t\t\t<\/div>\n\t\t\t\t<\/div>\n\t\t\t\t\t<\/div>\n\t\t<\/div>\n\t\t\t\t<div class=\"elementor-column elementor-col-33 elementor-inner-column elementor-element elementor-element-fe255d3\" data-id=\"fe255d3\" data-element_type=\"column\">\n\t\t\t<div class=\"elementor-widget-wrap elementor-element-populated\">\n\t\t\t\t\t\t<div class=\"elementor-element elementor-element-7f7fd6a elementor-widget elementor-widget-rt-service-grid\" data-id=\"7f7fd6a\" data-element_type=\"widget\" data-widget_type=\"rt-service-grid.default\">\n\t\t\t\t<div class=\"elementor-widget-container\">\n\t\t\t\t\t<div class=\"react-addon-services services-style4\">\r\n    <div class=\"services-part\">\r\n    \t    \t\t<div class=\"services-icon\">\r\n\t    \t\t\t    \t\t\t    \t\t\t<img decoding=\"async\" data-src=\"http:\/\/mirosgb.com\/wp-content\/uploads\/2025\/05\/bsci-sedex-danismanligi-mirosgb.png\" alt=\"image\" src=\"data:image\/gif;base64,R0lGODlhAQABAAAAACH5BAEKAAEALAAAAAABAAEAAAICTAEAOw==\" class=\"lazyload\" style=\"--smush-placeholder-width: 420px; --smush-placeholder-aspect-ratio: 420\/285;\" \/>\r\n\t    \t\t\t\t\t\t\t\t    \t\t\t<span class=\"number\">05<\/span>\r\n\t\t    \t\t    \t\t<\/div>\t\r\n    \t\t\t    \t\t       \r\n\t    <div class=\"services-text style5\">\r\n\t\t\t<div class=\"hidden-area\">\r\n\t    \t\t\t    \t<div class=\"services-title\">\t\t    \t\t\r\n\t\t    \t\t\r\n\t\t    \t\t\t\t\t\t\t    \t\t\t\t\t\t\t    \t\t\t\r\n\t\t    \t\t<h2  class=\"title\"> <a href=\"https:\/\/mirosgb.com\/?page_id=4693\"  >Sedex &amp; BSCI &amp; Inditex Dan\u0131\u015fmanl\u0131\u011f\u0131<\/a><\/h2>\r\n\t\t    \t\t\t\t\t\t    \t\t\r\n\t\t    \t<\/div>\r\n\t    \t\t\r\n\r\n\t    \t\t    \t\t<div class=\"services-txt\">  <p>Standartlara uyum sa\u011flamas\u0131 i\u00e7in kapsaml\u0131 dan\u0131\u015fmanl\u0131k hizmetleri sunuyoruz.<\/p><\/div>\t\r\n\t    \t\t\r\n\r\n\t    \t\r\n\t\t    \t<div class=\"services-btn-part\">\r\n\t\t    \t\t\t\t    \t\t\r\n\t    \t\t\t<a class=\"services-btn icon-after\" href=\"https:\/\/mirosgb.com\/?page_id=4693\" >\r\n\r\n\t    \t\t\t\t<span class=\"btn_text\">\r\n\t    \t\t\t\t\tRead More    \t\t\t\t\t\t\r\n\t    \t\t\t\t<\/span>\r\n\t    \t\t\t\t\t\t\t\t\t\t<i aria-hidden=\"true\" class=\"fas fa-arrow-right\"><\/i>\t\t\t\t\t\t\t\r\n\t    \t\t\t<\/a>\t    \t\t    \t\t\r\n\t\t    \t\t\r\n\t\t    \t<\/div>\r\n\t    \t\t\t\t<\/div>\r\n\t    <\/div>\r\n\t<\/div>\r\n<\/div>\t\t\t\t<\/div>\n\t\t\t\t<\/div>\n\t\t\t\t\t<\/div>\n\t\t<\/div>\n\t\t\t\t<div class=\"elementor-column elementor-col-33 elementor-inner-column elementor-element elementor-element-0db61b1\" data-id=\"0db61b1\" data-element_type=\"column\">\n\t\t\t<div class=\"elementor-widget-wrap elementor-element-populated\">\n\t\t\t\t\t\t<div class=\"elementor-element elementor-element-75c0fa0 elementor-widget elementor-widget-rt-service-grid\" data-id=\"75c0fa0\" data-element_type=\"widget\" data-widget_type=\"rt-service-grid.default\">\n\t\t\t\t<div class=\"elementor-widget-container\">\n\t\t\t\t\t<div class=\"react-addon-services services-style4\">\r\n    <div class=\"services-part\">\r\n    \t    \t\t<div class=\"services-icon\">\r\n\t    \t\t\t    \t\t\t    \t\t\t<img decoding=\"async\" data-src=\"http:\/\/mirosgb.com\/wp-content\/uploads\/2025\/05\/isyeri-kat-plani-tahliye-mirosgb.jpg\" alt=\"image\" src=\"data:image\/gif;base64,R0lGODlhAQABAAAAACH5BAEKAAEALAAAAAABAAEAAAICTAEAOw==\" class=\"lazyload\" style=\"--smush-placeholder-width: 420px; --smush-placeholder-aspect-ratio: 420\/285;\" \/>\r\n\t    \t\t\t\t\t\t\t\t    \t\t\t<span class=\"number\">06<\/span>\r\n\t\t    \t\t    \t\t<\/div>\t\r\n    \t\t\t    \t\t       \r\n\t    <div class=\"services-text style5\">\r\n\t\t\t<div class=\"hidden-area\">\r\n\t    \t\t\t    \t<div class=\"services-title\">\t\t    \t\t\r\n\t\t    \t\t\r\n\t\t    \t\t\t\t\t\t\t    \t\t\t\t\t\t\t    \t\t\t\r\n\t\t    \t\t<h2  class=\"title\"> <a href=\"https:\/\/mirosgb.com\/?page_id=4853\"  >\u0130\u015fyeri Kat &amp; Tahliye Plan\u0131 Haz\u0131rlama<\/a><\/h2>\r\n\t\t    \t\t\t\t\t\t    \t\t\r\n\t\t    \t<\/div>\r\n\t    \t\t\r\n\r\n\t    \t\t    \t\t<div class=\"services-txt\">  <p>Kat tahliye planlar\u0131, acil durumlarda bina i\u00e7erisindeki ki\u015filerin g\u00fcvenli bir \u015fekilde tahliye edilmesini sa\u011flar.<\/p><\/div>\t\r\n\t    \t\t\r\n\r\n\t    \t\r\n\t\t    \t<div class=\"services-btn-part\">\r\n\t\t    \t\t\t\t    \t\t\r\n\t    \t\t\t<a class=\"services-btn icon-after\" href=\"https:\/\/mirosgb.com\/?page_id=4853\" >\r\n\r\n\t    \t\t\t\t<span class=\"btn_text\">\r\n\t    \t\t\t\t\tRead More    \t\t\t\t\t\t\r\n\t    \t\t\t\t<\/span>\r\n\t    \t\t\t\t\t\t\t\t\t\t<i aria-hidden=\"true\" class=\"fas fa-arrow-right\"><\/i>\t\t\t\t\t\t\t\r\n\t    \t\t\t<\/a>\t    \t\t    \t\t\r\n\t\t    \t\t\r\n\t\t    \t<\/div>\r\n\t    \t\t\t\t<\/div>\r\n\t    <\/div>\r\n\t<\/div>\r\n<\/div>\t\t\t\t<\/div>\n\t\t\t\t<\/div>\n\t\t\t\t\t<\/div>\n\t\t<\/div>\n\t\t\t\t\t<\/div>\n\t\t<\/section>\n\t\t\t\t\t<\/div>\n\t\t<\/div>\n\t\t\t\t\t<\/div>\n\t\t<\/section>\n\t\t\t\t<\/div>\n\t\t","protected":false},"excerpt":{"rendered":"<p>01 \u0130\u015f G\u00fcvenli\u011fi Uzman\u0131 Hizmeti \u0130\u015f g\u00fcvenli\u011fi uzman\u0131 hizmeti, i\u015fyerlerinde g\u00fcvenli ve s\u00fcrd\u00fcr\u00fclebilir bir \u00e7al\u0131\u015fma ortam\u0131 olu\u015fturman\u0131n temelidir. Devam\u0131.. 02 \u0130\u015fyeri Hekimi Hizmeti \u0130\u015fyeri hekimli\u011fi hizmeti, \u00e7al\u0131\u015fanlar\u0131n sa\u011fl\u0131\u011f\u0131n\u0131 korumak ve i\u015fyerinde sa\u011fl\u0131k risklerini en aza indirmek amac\u0131yla sunulan kritik bir hizmettir. Read More 03 Di\u011fer Sa\u011fl\u0131k Personeli Hizmeti Di\u011fer sa\u011fl\u0131k personeli hizmeti, i\u015fyerinizde sa\u011fl\u0131k ve&#8230;<\/p>\n","protected":false},"author":1,"featured_media":0,"parent":0,"menu_order":0,"comment_status":"closed","ping_status":"closed","template":"","meta":{"_monsterinsights_skip_tracking":false,"_monsterinsights_sitenote_active":false,"_monsterinsights_sitenote_note":"","_monsterinsights_sitenote_category":0,"footnotes":""},"class_list":["post-2878","page","type-page","status-publish","hentry"],"aioseo_notices":[],"_links":{"self":[{"href":"https:\/\/mirosgb.com\/index.php?rest_route=\/wp\/v2\/pages\/2878","targetHints":{"allow":["GET"]}}],"collection":[{"href":"https:\/\/mirosgb.com\/index.php?rest_route=\/wp\/v2\/pages"}],"about":[{"href":"https:\/\/mirosgb.com\/index.php?rest_route=\/wp\/v2\/types\/page"}],"author":[{"embeddable":true,"href":"https:\/\/mirosgb.com\/index.php?rest_route=\/wp\/v2\/users\/1"}],"replies":[{"embeddable":true,"href":"https:\/\/mirosgb.com\/index.php?rest_route=%2Fwp%2Fv2%2Fcomments&post=2878"}],"version-history":[{"count":27,"href":"https:\/\/mirosgb.com\/index.php?rest_route=\/wp\/v2\/pages\/2878\/revisions"}],"predecessor-version":[{"id":10582,"href":"https:\/\/mirosgb.com\/index.php?rest_route=\/wp\/v2\/pages\/2878\/revisions\/10582"}],"wp:attachment":[{"href":"https:\/\/mirosgb.com\/index.php?rest_route=%2Fwp%2Fv2%2Fmedia&parent=2878"}],"curies":[{"name":"wp","href":"https:\/\/api.w.org\/{rel}","templated":true}]}}