{"id":35,"date":"2025-05-02T10:42:55","date_gmt":"2025-05-02T10:42:55","guid":{"rendered":"http:\/\/localhost\/finbiz\/?page_id=35"},"modified":"2025-05-05T11:28:25","modified_gmt":"2025-05-05T08:28:25","slug":"hakkimizda","status":"publish","type":"page","link":"https:\/\/mirosgb.com\/?page_id=35","title":{"rendered":"Hakk\u0131m\u0131zda"},"content":{"rendered":"\t\t<div data-elementor-type=\"wp-page\" data-elementor-id=\"35\" class=\"elementor elementor-35\">\n\t\t\t\t\t\t<section class=\"elementor-section elementor-top-section elementor-element elementor-element-f773419 elementor-section-stretched elementor-section-boxed elementor-section-height-default elementor-section-height-default\" data-id=\"f773419\" data-element_type=\"section\" data-settings=\"{&quot;stretch_section&quot;:&quot;section-stretched&quot;,&quot;background_background&quot;:&quot;classic&quot;}\">\n\t\t\t\t\t\t<div class=\"elementor-container elementor-column-gap-default\">\n\t\t\t\t\t<div class=\"elementor-column elementor-col-50 elementor-top-column elementor-element elementor-element-510ee4c\" data-id=\"510ee4c\" data-element_type=\"column\">\n\t\t\t<div class=\"elementor-widget-wrap elementor-element-populated\">\n\t\t\t\t\t\t<div class=\"elementor-element elementor-element-e292818 elementor-widget elementor-widget-image\" data-id=\"e292818\" data-element_type=\"widget\" data-widget_type=\"image.default\">\n\t\t\t\t<div class=\"elementor-widget-container\">\n\t\t\t\t\t\t\t\t\t\t\t\t\t\t\t<img decoding=\"async\" data-src=\"https:\/\/reactheme.com\/products\/wordpress\/finbiz-main\/wp-content\/uploads\/2023\/08\/Untitled-1-1-1.svg\" title=\"\" alt=\"\" src=\"data:image\/gif;base64,R0lGODlhAQABAAAAACH5BAEKAAEALAAAAAABAAEAAAICTAEAOw==\" class=\"lazyload\" \/>\t\t\t\t\t\t\t\t\t\t\t\t\t\t\t<\/div>\n\t\t\t\t<\/div>\n\t\t\t\t<div class=\"elementor-element elementor-element-92784ad elementor-widget elementor-widget-image\" data-id=\"92784ad\" data-element_type=\"widget\" data-widget_type=\"image.default\">\n\t\t\t\t<div class=\"elementor-widget-container\">\n\t\t\t\t\t\t\t\t\t\t\t\t\t\t\t<img fetchpriority=\"high\" decoding=\"async\" width=\"431\" height=\"500\" src=\"https:\/\/mirosgb.com\/wp-content\/uploads\/2022\/11\/about-03.jpg\" class=\"attachment-full size-full wp-image-5565\" alt=\"\" srcset=\"https:\/\/mirosgb.com\/wp-content\/uploads\/2022\/11\/about-03.jpg 431w, https:\/\/mirosgb.com\/wp-content\/uploads\/2022\/11\/about-03-259x300.jpg 259w\" sizes=\"(max-width: 431px) 100vw, 431px\" \/>\t\t\t\t\t\t\t\t\t\t\t\t\t\t\t<\/div>\n\t\t\t\t<\/div>\n\t\t\t\t<div class=\"elementor-element elementor-element-009adae elementor-widget__width-auto elementor-absolute elementor-widget elementor-widget-rt-react-image\" data-id=\"009adae\" data-element_type=\"widget\" data-settings=\"{&quot;_position&quot;:&quot;absolute&quot;}\" data-widget_type=\"rt-react-image.default\">\n\t\t\t\t<div class=\"elementor-widget-container\">\n\t\t\t\t\t        <div class=\"react-image yes\">\n                            <img decoding=\"async\" class=\"react-multi-image veritcal image-rotate image-scale lazyload\" data-src=\"https:\/\/reactheme.com\/products\/wordpress\/finbiz-main\/wp-content\/uploads\/2022\/11\/about-04.jpg\" alt=\"image\" src=\"data:image\/gif;base64,R0lGODlhAQABAAAAACH5BAEKAAEALAAAAAABAAEAAAICTAEAOw==\" \/>\n                    <\/div>\n          \n    \t\t\t\t<\/div>\n\t\t\t\t<\/div>\n\t\t\t\t\t<\/div>\n\t\t<\/div>\n\t\t\t\t<div class=\"elementor-column elementor-col-50 elementor-top-column elementor-element elementor-element-ba4ac56\" data-id=\"ba4ac56\" data-element_type=\"column\">\n\t\t\t<div class=\"elementor-widget-wrap elementor-element-populated\">\n\t\t\t\t\t\t<section class=\"elementor-section elementor-inner-section elementor-element elementor-element-2bfeaa9 elementor-section-boxed elementor-section-height-default elementor-section-height-default\" data-id=\"2bfeaa9\" data-element_type=\"section\">\n\t\t\t\t\t\t<div class=\"elementor-container elementor-column-gap-default\">\n\t\t\t\t\t<div class=\"elementor-column elementor-col-100 elementor-inner-column elementor-element elementor-element-188a6ba\" data-id=\"188a6ba\" data-element_type=\"column\">\n\t\t\t<div class=\"elementor-widget-wrap elementor-element-populated\">\n\t\t\t\t\t\t<div class=\"elementor-element elementor-element-114733b elementor-widget elementor-widget-react-heading\" data-id=\"114733b\" data-element_type=\"widget\" data-widget_type=\"react-heading.default\">\n\t\t\t\t<div class=\"elementor-widget-container\">\n\t\t\t\t\t\t  \r\n        <div class=\"react-heading default\">\r\n        \t<div class=\"title-inner no\">        \t\t      \t\t\r\n\t            <span class=\"sub-text \">Mir Ortak Sa\u011fl\u0131k G\u00fcvenlik Birimi<\/span><h1 class=\"title\">M\u00fc\u015fteri Memnuniyeti Odakl\u0131 Hizmet Anlay\u0131\u015f\u0131<\/h1>\t        <\/div>\r\n\t\t\t\t                    \t<div  class=\"description\">\r\n            \t\t<p><strong>Mir Ortak Sa\u011fl\u0131k ve G\u00fcvenlik Birimi<\/strong> olarak, hizmetimizin \u00f6z\u00fcnde <strong>ko\u015fulsuz m\u00fc\u015fteri memnuniyeti<\/strong> yer al\u0131r.<\/p><p>Bu prensiple, sizlere daima <strong>en kaliteli, g\u00fcler y\u00fczl\u00fc ve g\u00fcvenilir<\/strong> \u00e7\u00f6z\u00fcmleri sunmay\u0131 ilke edindik.<\/p><p><strong>Profesyonel ve yetkin kadromuzla<\/strong>, i\u015fbirli\u011fimiz s\u00fcresince kendinizi <strong>g\u00fcvende ve rahat hissedece\u011finiz bir ortamda daima yan\u0131n\u0131zday\u0131z<\/strong>.<\/p><p>Mir OSGB ile g\u00fcvenli\u011finiz emin ellerde.<\/p><p data-sourcepos=\"3:1-3:24\"><strong>Kurumsal \u0130lkelerimiz<\/strong><\/p><p data-sourcepos=\"5:1-5:202\"><strong>Mir Ortak Sa\u011fl\u0131k ve G\u00fcvenlik Birimi<\/strong> olarak, kurumsal kimli\u011fimizin temelinde <strong>d\u00fcr\u00fcstl\u00fck, profesyonellik ve etik de\u011ferler<\/strong> yatar. Hizmetlerimizin her alan\u0131nda bu sars\u0131lmaz prensiplere ba\u011fl\u0131 kal\u0131r\u0131z.<\/p><p data-sourcepos=\"7:1-7:500\"><strong>M\u00fc\u015fteri memnuniyetini en y\u00fcksek \u00f6nceli\u011fimiz<\/strong> olarak benimser, siz de\u011ferli i\u015f ortaklar\u0131m\u0131za <strong>kesintisiz ve g\u00fcvenilir hizmet<\/strong> sunmay\u0131 taahh\u00fct ederiz.<\/p><p data-sourcepos=\"7:1-7:500\">Alan\u0131nda <strong>deneyimli ve uzman ekibimizin<\/strong> bilgi birikimiyle tecr\u00fcbemizi harmanlayarak, <strong>kaliteli OSGB hizmetlerini ekonomik \u00e7\u00f6z\u00fcmlerle<\/strong> bulu\u015ftururuz.<\/p><p data-sourcepos=\"7:1-7:500\">Bu ilkeler do\u011frultusunda, daima en iyi hizmeti sunabilmek amac\u0131yla <strong>s\u00fcrekli geli\u015fim ve yenili\u011fe<\/strong> yat\u0131r\u0131m yapar\u0131z.<\/p><p data-sourcepos=\"7:1-7:500\">Mir OSGB, g\u00fcvenli\u011finiz i\u00e7in etik de\u011ferlerden \u00f6d\u00fcn vermeyen \u00e7\u00f6z\u00fcm orta\u011f\u0131n\u0131zd\u0131r.<\/p>            \t\t\r\n            \t<\/div>\r\n        \t\r\n\t            \r\n        <\/div>\r\n        \t\t\t\t<\/div>\n\t\t\t\t<\/div>\n\t\t\t\t\t<\/div>\n\t\t<\/div>\n\t\t\t\t\t<\/div>\n\t\t<\/section>\n\t\t\t\t\t<\/div>\n\t\t<\/div>\n\t\t\t\t\t<\/div>\n\t\t<\/section>\n\t\t\t\t<section class=\"elementor-section elementor-top-section elementor-element elementor-element-babf8be elementor-section-content-middle elementor-section-stretched elementor-section-boxed elementor-section-height-default elementor-section-height-default\" data-id=\"babf8be\" data-element_type=\"section\" data-settings=\"{&quot;stretch_section&quot;:&quot;section-stretched&quot;,&quot;background_background&quot;:&quot;classic&quot;}\">\n\t\t\t\t\t\t<div class=\"elementor-container elementor-column-gap-default\">\n\t\t\t\t\t<div class=\"elementor-column elementor-col-100 elementor-top-column elementor-element elementor-element-477f5f7\" data-id=\"477f5f7\" data-element_type=\"column\">\n\t\t\t<div class=\"elementor-widget-wrap\">\n\t\t\t\t\t\t\t<\/div>\n\t\t<\/div>\n\t\t\t\t\t<\/div>\n\t\t<\/section>\n\t\t\t\t<section class=\"elementor-section elementor-top-section elementor-element elementor-element-827a9db elementor-section-stretched elementor-section-content-middle elementor-section-boxed elementor-section-height-default elementor-section-height-default\" data-id=\"827a9db\" data-element_type=\"section\" data-settings=\"{&quot;stretch_section&quot;:&quot;section-stretched&quot;,&quot;background_background&quot;:&quot;classic&quot;}\">\n\t\t\t\t\t\t<div class=\"elementor-container elementor-column-gap-extended\">\n\t\t\t\t\t<div class=\"elementor-column elementor-col-50 elementor-top-column elementor-element elementor-element-1e7625a\" data-id=\"1e7625a\" data-element_type=\"column\">\n\t\t\t<div class=\"elementor-widget-wrap elementor-element-populated\">\n\t\t\t\t\t\t<div class=\"elementor-element elementor-element-7014b7d elementor-widget elementor-widget-react-heading\" data-id=\"7014b7d\" data-element_type=\"widget\" data-widget_type=\"react-heading.default\">\n\t\t\t\t<div class=\"elementor-widget-container\">\n\t\t\t\t\t\t  \r\n        <div class=\"react-heading default\">\r\n        \t<div class=\"title-inner no\">        \t\t      \t\t\r\n\t            <span class=\"sub-text \">Riski Y\u00f6net, Gelece\u011fi \u0130n\u015fa Et<\/span><h2 class=\"title\">Mir OSGB Vizyonu<\/h2>\t        <\/div>\r\n\t\t\t\t        \r\n\t            \r\n        <\/div>\r\n        \t\t\t\t<\/div>\n\t\t\t\t<\/div>\n\t\t\t\t<div class=\"elementor-element elementor-element-b17825e elementor-widget elementor-widget-rt-custom-accordions\" data-id=\"b17825e\" data-element_type=\"widget\" data-widget_type=\"rt-custom-accordions.default\">\n\t\t\t\t<div class=\"elementor-widget-container\">\n\t\t\t\t\t        <div class=\"rts-accordion style2\" id=\"accordionExample19134\">\n                            <div class=\"accordion-item\">\n                        <div class=\"accordion-header\" id=\"heading-191341\">\n                            <button class=\"accordion-button \" type=\"button\" data-bs-toggle=\"collapse\" data-bs-target=\"#collapse191341\" aria-expanded=\"true\" aria-controls=\"collapse191341\">\n                            \n                                <span>01.<\/span> \n                                    Proaktif G\u00fcvenlik Vizyonumuz <span class=\"accordion-icon\"><i aria-hidden=\"true\" class=\"fas fa-arrow-up\"><\/i><\/span>\n                                    <span class=\"accordion-icon-active\"> <i aria-hidden=\"true\" class=\"fas fa-arrow-down\"><\/i><\/span>\n                            <\/button>\n                        <\/div>\n                        <div id=\"collapse191341\" class=\"accordion-collapse collapse show\" aria-labelledby=\"heading191341\" data-bs-parent=\"#accordionExample19134\">\n                            <div class=\"accordion-body\">\n                            <p>Her sa\u011flam yap\u0131n\u0131n temelinde g\u00fcven yatar. \u0130\u015f d\u00fcnyas\u0131nda bu temel, \u00e7al\u0131\u015fanlar\u0131n\u0131z\u0131n g\u00fcvenli\u011fi ve i\u015f s\u00fcre\u00e7lerinizin emniyetidir. Mir OSGB olarak biz, sadece mevzuat gerekliliklerini kar\u015f\u0131lamakla kalm\u0131yoruz; i\u015fyerinizde kal\u0131c\u0131 bir g\u00fcvenlik k\u00fclt\u00fcr\u00fc in\u015fa etmenize yard\u0131m ediyoruz. Bunu yaparken, en son teknolojiyi, saha deneyimimizi ve insana verdi\u011fimiz de\u011feri harmanl\u0131yoruz.<\/p>                            <\/div>\n                        <\/div>\n                <\/div>\n                            <div class=\"accordion-item\">\n                        <div class=\"accordion-header\" id=\"heading-191342\">\n                            <button class=\"accordion-button collapsed\" type=\"button\" data-bs-toggle=\"collapse\" data-bs-target=\"#collapse191342\" aria-expanded=\"false\" aria-controls=\"collapse191342\">\n                            \n                                <span>02.<\/span> \n                                    G\u00fcvenlik Belgeniz, Ba\u015far\u0131 Yolculu\u011funuzdaki En \u00d6nemli \u0130mza <span class=\"accordion-icon\"><i aria-hidden=\"true\" class=\"fas fa-arrow-up\"><\/i><\/span>\n                                    <span class=\"accordion-icon-active\"> <i aria-hidden=\"true\" class=\"fas fa-arrow-down\"><\/i><\/span>\n                            <\/button>\n                        <\/div>\n                        <div id=\"collapse191342\" class=\"accordion-collapse collapse \" aria-labelledby=\"heading191342\" data-bs-parent=\"#accordionExample19134\">\n                            <div class=\"accordion-body\">\n                            <p>\u00c7o\u011fu risk, belirgin i\u015faretler vermeden i\u015fyerinizin d\u00f6rt bir yan\u0131nda gizlenir. Mir OSGB'nin misyonu, bu g\u00f6r\u00fcnmeyen tehlikeleri uzman g\u00f6zlerle tespit etmek ve potansiyel sorunlar b\u00fcy\u00fcmeden \u00f6nce proaktif \u00e7\u00f6z\u00fcmler sunmakt\u0131r. Detayl\u0131 analizlerimiz ve \u00f6nleyici yakla\u015f\u0131mlar\u0131m\u0131zla, risk haritan\u0131z\u0131 \u00e7\u0131kar\u0131r, g\u00fcvenli\u011finiz i\u00e7in sa\u011flam bir zemin haz\u0131rlar\u0131z.<\/p>                            <\/div>\n                        <\/div>\n                <\/div>\n                            <div class=\"accordion-item\">\n                        <div class=\"accordion-header\" id=\"heading-191343\">\n                            <button class=\"accordion-button collapsed\" type=\"button\" data-bs-toggle=\"collapse\" data-bs-target=\"#collapse191343\" aria-expanded=\"false\" aria-controls=\"collapse191343\">\n                            \n                                <span>03.<\/span> \n                                    Yenilik\u00e7i \u00c7\u00f6z\u00fcmler, Kal\u0131c\u0131 G\u00fcven <span class=\"accordion-icon\"><i aria-hidden=\"true\" class=\"fas fa-arrow-up\"><\/i><\/span>\n                                    <span class=\"accordion-icon-active\"> <i aria-hidden=\"true\" class=\"fas fa-arrow-down\"><\/i><\/span>\n                            <\/button>\n                        <\/div>\n                        <div id=\"collapse191343\" class=\"accordion-collapse collapse \" aria-labelledby=\"heading191343\" data-bs-parent=\"#accordionExample19134\">\n                            <div class=\"accordion-body\">\n                            <p>\u0130\u015f Sa\u011fl\u0131\u011f\u0131 ve G\u00fcvenli\u011fi, \u00e7ekmecenizde duran bir belgeden \u00e7ok daha fazlas\u0131d\u0131r. Bu, \u00e7al\u0131\u015fanlar\u0131n\u0131za verdi\u011finiz de\u011ferin, i\u015finize duydu\u011funuz sayg\u0131n\u0131n ve gelece\u011fe y\u00f6nelik vizyonunuzun bir yans\u0131mas\u0131d\u0131r. Mir OSGB olarak biz, size sadece gerekli dok\u00fcmanlar\u0131 sa\u011flam\u0131yor; i\u015fyerinizde ger\u00e7ek anlamda bir g\u00fcvenlik d\u00f6n\u00fc\u015f\u00fcm\u00fc yaratman\u0131za yard\u0131m ediyoruz. Bu d\u00f6n\u00fc\u015f\u00fcm, hem yasal uyumluluk getirir hem de \u00e7al\u0131\u015fanlar\u0131n\u0131z\u0131n mutlulu\u011funu ve i\u015finizin itibar\u0131n\u0131 art\u0131r\u0131r.<\/p>                            <\/div>\n                        <\/div>\n                <\/div>\n                              \n                  \n            <\/div>            \n        \t\t\t\t<\/div>\n\t\t\t\t<\/div>\n\t\t\t\t\t<\/div>\n\t\t<\/div>\n\t\t\t\t<div class=\"elementor-column elementor-col-50 elementor-top-column elementor-element elementor-element-9440bc2\" data-id=\"9440bc2\" data-element_type=\"column\">\n\t\t\t<div class=\"elementor-widget-wrap elementor-element-populated\">\n\t\t\t\t\t\t<div class=\"elementor-element elementor-element-d1d76be elementor-widget elementor-widget-image\" data-id=\"d1d76be\" data-element_type=\"widget\" data-widget_type=\"image.default\">\n\t\t\t\t<div class=\"elementor-widget-container\">\n\t\t\t\t\t\t\t\t\t\t\t\t\t\t\t<img decoding=\"async\" width=\"675\" height=\"647\" data-src=\"https:\/\/mirosgb.com\/wp-content\/uploads\/2022\/10\/02.webp\" class=\"attachment-full size-full wp-image-3675 lazyload\" alt=\"\" data-srcset=\"https:\/\/mirosgb.com\/wp-content\/uploads\/2022\/10\/02.webp 675w, https:\/\/mirosgb.com\/wp-content\/uploads\/2022\/10\/02-300x288.webp 300w\" data-sizes=\"(max-width: 675px) 100vw, 675px\" src=\"data:image\/gif;base64,R0lGODlhAQABAAAAACH5BAEKAAEALAAAAAABAAEAAAICTAEAOw==\" style=\"--smush-placeholder-width: 675px; --smush-placeholder-aspect-ratio: 675\/647;\" \/>\t\t\t\t\t\t\t\t\t\t\t\t\t\t\t<\/div>\n\t\t\t\t<\/div>\n\t\t\t\t\t<\/div>\n\t\t<\/div>\n\t\t\t\t\t<\/div>\n\t\t<\/section>\n\t\t\t\t<\/div>\n\t\t","protected":false},"excerpt":{"rendered":"<p>Mir Ortak Sa\u011fl\u0131k G\u00fcvenlik Birimi M\u00fc\u015fteri Memnuniyeti Odakl\u0131 Hizmet Anlay\u0131\u015f\u0131 Mir Ortak Sa\u011fl\u0131k ve G\u00fcvenlik Birimi olarak, hizmetimizin \u00f6z\u00fcnde ko\u015fulsuz m\u00fc\u015fteri memnuniyeti yer al\u0131r. Bu prensiple, sizlere daima en kaliteli, g\u00fcler y\u00fczl\u00fc ve g\u00fcvenilir \u00e7\u00f6z\u00fcmleri sunmay\u0131 ilke edindik. Profesyonel ve yetkin kadromuzla, i\u015fbirli\u011fimiz s\u00fcresince kendinizi g\u00fcvende ve rahat hissedece\u011finiz bir ortamda daima yan\u0131n\u0131zday\u0131z. Mir OSGB&#8230;<\/p>\n","protected":false},"author":1,"featured_media":0,"parent":0,"menu_order":0,"comment_status":"closed","ping_status":"closed","template":"","meta":{"_monsterinsights_skip_tracking":false,"_monsterinsights_sitenote_active":false,"_monsterinsights_sitenote_note":"","_monsterinsights_sitenote_category":0,"footnotes":""},"class_list":["post-35","page","type-page","status-publish","hentry"],"aioseo_notices":[],"_links":{"self":[{"href":"https:\/\/mirosgb.com\/index.php?rest_route=\/wp\/v2\/pages\/35","targetHints":{"allow":["GET"]}}],"collection":[{"href":"https:\/\/mirosgb.com\/index.php?rest_route=\/wp\/v2\/pages"}],"about":[{"href":"https:\/\/mirosgb.com\/index.php?rest_route=\/wp\/v2\/types\/page"}],"author":[{"embeddable":true,"href":"https:\/\/mirosgb.com\/index.php?rest_route=\/wp\/v2\/users\/1"}],"replies":[{"embeddable":true,"href":"https:\/\/mirosgb.com\/index.php?rest_route=%2Fwp%2Fv2%2Fcomments&post=35"}],"version-history":[{"count":14,"href":"https:\/\/mirosgb.com\/index.php?rest_route=\/wp\/v2\/pages\/35\/revisions"}],"predecessor-version":[{"id":10658,"href":"https:\/\/mirosgb.com\/index.php?rest_route=\/wp\/v2\/pages\/35\/revisions\/10658"}],"wp:attachment":[{"href":"https:\/\/mirosgb.com\/index.php?rest_route=%2Fwp%2Fv2%2Fmedia&parent=35"}],"curies":[{"name":"wp","href":"https:\/\/api.w.org\/{rel}","templated":true}]}}