{"id":6846,"date":"2025-05-03T10:23:45","date_gmt":"2025-05-03T07:23:45","guid":{"rendered":"https:\/\/reactheme.com\/products\/wordpress\/finbiz\/?page_id=6846"},"modified":"2025-05-03T11:18:13","modified_gmt":"2025-05-03T08:18:13","slug":"egitimlerimiz","status":"publish","type":"page","link":"https:\/\/mirosgb.com\/?page_id=6846","title":{"rendered":"E\u011fitimlerimiz"},"content":{"rendered":"\t\t<div data-elementor-type=\"wp-page\" data-elementor-id=\"6846\" class=\"elementor elementor-6846\">\n\t\t\t\t\t\t<section class=\"elementor-section elementor-top-section elementor-element elementor-element-5b19d48 elementor-section-boxed elementor-section-height-default elementor-section-height-default\" data-id=\"5b19d48\" data-element_type=\"section\">\n\t\t\t\t\t\t<div class=\"elementor-container elementor-column-gap-default\">\n\t\t\t\t\t<div class=\"elementor-column elementor-col-100 elementor-top-column elementor-element elementor-element-149b0e6\" data-id=\"149b0e6\" data-element_type=\"column\">\n\t\t\t<div class=\"elementor-widget-wrap elementor-element-populated\">\n\t\t\t\t\t\t<div class=\"elementor-element elementor-element-c6af86d elementor-widget elementor-widget-rt-portfolio-grid\" data-id=\"c6af86d\" data-element_type=\"widget\" data-widget_type=\"rt-portfolio-grid.default\">\n\t\t\t\t<div class=\"elementor-widget-container\">\n\t\t\t\t\t\r\n\r\n\t\t<div class=\"rt-portfolio-style5\">\r\n\r\n\t\t\t<div class=\"grid\">\r\n\t\t\t\t<div class=\"row\">\r\n\t\t\t\t\t\t\r\n\r\n\t<div class=\"col-lg-4 col-md-6 col-xs-1 grid-item filter_egitimlerimiz \">\r\n\r\n\t<div class=\"portfolio-item content-overlay\">\r\n\t\t\t\t                    <div class=\"portfolio-img\">\r\n                    \t<a href=\"https:\/\/mirosgb.com\/?rt-portfolios=kapali-kisitli-alanda-calisma-egitimi\"><img fetchpriority=\"high\" decoding=\"async\" width=\"410\" height=\"320\" src=\"https:\/\/mirosgb.com\/wp-content\/uploads\/2025\/05\/kapali-kisitli-alanda-calisma-mirosgb-410x320.webp\" class=\"attachment-finbiz-blog-slider size-finbiz-blog-slider wp-post-image\" alt=\"\" \/><\/a>\r\n                    \t<a class=\"pf-btn2\" href=\"https:\/\/mirosgb.com\/?rt-portfolios=kapali-kisitli-alanda-calisma-egitimi\"><i class=\"rt-arrow-right-long\"><\/i><\/a>\r\n                                         \r\n\r\n                    <\/div>\r\n\t\t\t\t\t<div class=\"portfolio-content\">                \t                    \r\n                                                            <span class=\"p-category\"> <a href=\"https:\/\/mirosgb.com\/?rt-portfolio-category=egitimlerimiz\" rel=\"tag\">E\u011fitimlerimiz<\/a><\/span>\r\n                                <div class=\"p-title\">\r\n                                    <a href=\"https:\/\/mirosgb.com\/?rt-portfolios=kapali-kisitli-alanda-calisma-egitimi\">Kapal\u0131 K\u0131s\u0131tl\u0131 Alanda \u00c7al\u0131\u015fma<\/a>                    \t\t\t\r\n                                <\/div>\r\n\t\t\t\t\t\t\t\t<p class=\"disc\">Mir OSGB uzmanl\u0131\u011f\u0131yla kapal\u0131 ve k\u0131s\u0131tl\u0131 alan e\u011fitimleri. Tehlikeli...                  \t\t\t\t<\/p>\r\n                                                    \t\r\n                            \r\n                        <\/div>\r\n                                \r\n            <\/div>\t<\/div>\r\n\t\t\r\n\r\n\t<div class=\"col-lg-4 col-md-6 col-xs-1 grid-item filter_egitimlerimiz \">\r\n\r\n\t<div class=\"portfolio-item content-overlay\">\r\n\t\t\t\t                    <div class=\"portfolio-img\">\r\n                    \t<a href=\"https:\/\/mirosgb.com\/?rt-portfolios=iskele-supervizorluk\"><img decoding=\"async\" width=\"410\" height=\"320\" data-src=\"https:\/\/mirosgb.com\/wp-content\/uploads\/2025\/05\/iskele-supervizor-mirosg-410x320.jpg\" class=\"attachment-finbiz-blog-slider size-finbiz-blog-slider wp-post-image lazyload\" alt=\"\" src=\"data:image\/gif;base64,R0lGODlhAQABAAAAACH5BAEKAAEALAAAAAABAAEAAAICTAEAOw==\" style=\"--smush-placeholder-width: 410px; --smush-placeholder-aspect-ratio: 410\/320;\" \/><\/a>\r\n                    \t<a class=\"pf-btn2\" href=\"https:\/\/mirosgb.com\/?rt-portfolios=iskele-supervizorluk\"><i class=\"rt-arrow-right-long\"><\/i><\/a>\r\n                                         \r\n\r\n                    <\/div>\r\n\t\t\t\t\t<div class=\"portfolio-content\">                \t                    \r\n                                                            <span class=\"p-category\"> <a href=\"https:\/\/mirosgb.com\/?rt-portfolio-category=egitimlerimiz\" rel=\"tag\">E\u011fitimlerimiz<\/a><\/span>\r\n                                <div class=\"p-title\">\r\n                                    <a href=\"https:\/\/mirosgb.com\/?rt-portfolios=iskele-supervizorluk\">\u0130skele S\u00fcperviz\u00f6rl\u00fck<\/a>                    \t\t\t\r\n                                <\/div>\r\n\t\t\t\t\t\t\t\t<p class=\"disc\">Mir OSGB ile iskele s\u00fcperviz\u00f6rl\u00fc\u011f\u00fc e\u011fitimi al\u0131n. G\u00fcvenli kurulum\/s\u00f6k\u00fcm...                  \t\t\t\t<\/p>\r\n                                                    \t\r\n                            \r\n                        <\/div>\r\n                                \r\n            <\/div>\t<\/div>\r\n\t\t\r\n\r\n\t<div class=\"col-lg-4 col-md-6 col-xs-1 grid-item filter_egitimlerimiz \">\r\n\r\n\t<div class=\"portfolio-item content-overlay\">\r\n\t\t\t\t                    <div class=\"portfolio-img\">\r\n                    \t<a href=\"https:\/\/mirosgb.com\/?rt-portfolios=yuksekte-calisma-egitimi\"><img decoding=\"async\" width=\"410\" height=\"320\" data-src=\"https:\/\/mirosgb.com\/wp-content\/uploads\/2025\/05\/yuksekte-calisma-egitimi-mirosgb-410x320.jpg\" class=\"attachment-finbiz-blog-slider size-finbiz-blog-slider wp-post-image lazyload\" alt=\"\" src=\"data:image\/gif;base64,R0lGODlhAQABAAAAACH5BAEKAAEALAAAAAABAAEAAAICTAEAOw==\" style=\"--smush-placeholder-width: 410px; --smush-placeholder-aspect-ratio: 410\/320;\" \/><\/a>\r\n                    \t<a class=\"pf-btn2\" href=\"https:\/\/mirosgb.com\/?rt-portfolios=yuksekte-calisma-egitimi\"><i class=\"rt-arrow-right-long\"><\/i><\/a>\r\n                                         \r\n\r\n                    <\/div>\r\n\t\t\t\t\t<div class=\"portfolio-content\">                \t                    \r\n                                                            <span class=\"p-category\"> <a href=\"https:\/\/mirosgb.com\/?rt-portfolio-category=egitimlerimiz\" rel=\"tag\">E\u011fitimlerimiz<\/a><\/span>\r\n                                <div class=\"p-title\">\r\n                                    <a href=\"https:\/\/mirosgb.com\/?rt-portfolios=yuksekte-calisma-egitimi\">Y\u00fcksekte \u00c7al\u0131\u015fma E\u011fitimi<\/a>                    \t\t\t\r\n                                <\/div>\r\n\t\t\t\t\t\t\t\t<p class=\"disc\">Y\u00fcksekte \u00c7al\u0131\u015fma E\u011fitimi Mir OSGB'de! Tehlikeli ortamlarda g\u00fcvenli\u011fi sa\u011flay\u0131n,...                  \t\t\t\t<\/p>\r\n                                                    \t\r\n                            \r\n                        <\/div>\r\n                                \r\n            <\/div>\t<\/div>\r\n\t\t\r\n\r\n\t<div class=\"col-lg-4 col-md-6 col-xs-1 grid-item filter_egitimlerimiz \">\r\n\r\n\t<div class=\"portfolio-item content-overlay\">\r\n\t\t\t\t                    <div class=\"portfolio-img\">\r\n                    \t<a href=\"https:\/\/mirosgb.com\/?rt-portfolios=yangin-risk-degerlendirme-egitimi\"><img decoding=\"async\" width=\"410\" height=\"320\" data-src=\"https:\/\/mirosgb.com\/wp-content\/uploads\/2025\/05\/Yangin-Risk-Analizi-mirosgb-410x320.jpg\" class=\"attachment-finbiz-blog-slider size-finbiz-blog-slider wp-post-image lazyload\" alt=\"\" src=\"data:image\/gif;base64,R0lGODlhAQABAAAAACH5BAEKAAEALAAAAAABAAEAAAICTAEAOw==\" style=\"--smush-placeholder-width: 410px; --smush-placeholder-aspect-ratio: 410\/320;\" \/><\/a>\r\n                    \t<a class=\"pf-btn2\" href=\"https:\/\/mirosgb.com\/?rt-portfolios=yangin-risk-degerlendirme-egitimi\"><i class=\"rt-arrow-right-long\"><\/i><\/a>\r\n                                         \r\n\r\n                    <\/div>\r\n\t\t\t\t\t<div class=\"portfolio-content\">                \t                    \r\n                                                            <span class=\"p-category\"> <a href=\"https:\/\/mirosgb.com\/?rt-portfolio-category=egitimlerimiz\" rel=\"tag\">E\u011fitimlerimiz<\/a><\/span>\r\n                                <div class=\"p-title\">\r\n                                    <a href=\"https:\/\/mirosgb.com\/?rt-portfolios=yangin-risk-degerlendirme-egitimi\">Yang\u0131n Risk Analizi<\/a>                    \t\t\t\r\n                                <\/div>\r\n\t\t\t\t\t\t\t\t<p class=\"disc\">Mir OSGB uzmanlar\u0131yla yang\u0131n risk analizi yapt\u0131r\u0131n. Potansiyel riskleri...                  \t\t\t\t<\/p>\r\n                                                    \t\r\n                            \r\n                        <\/div>\r\n                                \r\n            <\/div>\t<\/div>\r\n\t\t\r\n\r\n\t<div class=\"col-lg-4 col-md-6 col-xs-1 grid-item filter_egitimlerimiz \">\r\n\r\n\t<div class=\"portfolio-item content-overlay\">\r\n\t\t\t\t                    <div class=\"portfolio-img\">\r\n                    \t<a href=\"https:\/\/mirosgb.com\/?rt-portfolios=yangin-egitimi\"><img decoding=\"async\" width=\"410\" height=\"320\" data-src=\"https:\/\/mirosgb.com\/wp-content\/uploads\/2025\/05\/yangin-egitimi-mirosgb-410x320.jpg\" class=\"attachment-finbiz-blog-slider size-finbiz-blog-slider wp-post-image lazyload\" alt=\"\" src=\"data:image\/gif;base64,R0lGODlhAQABAAAAACH5BAEKAAEALAAAAAABAAEAAAICTAEAOw==\" style=\"--smush-placeholder-width: 410px; --smush-placeholder-aspect-ratio: 410\/320;\" \/><\/a>\r\n                    \t<a class=\"pf-btn2\" href=\"https:\/\/mirosgb.com\/?rt-portfolios=yangin-egitimi\"><i class=\"rt-arrow-right-long\"><\/i><\/a>\r\n                                         \r\n\r\n                    <\/div>\r\n\t\t\t\t\t<div class=\"portfolio-content\">                \t                    \r\n                                                            <span class=\"p-category\"> <a href=\"https:\/\/mirosgb.com\/?rt-portfolio-category=egitimlerimiz\" rel=\"tag\">E\u011fitimlerimiz<\/a><\/span>\r\n                                <div class=\"p-title\">\r\n                                    <a href=\"https:\/\/mirosgb.com\/?rt-portfolios=yangin-egitimi\">Yang\u0131n E\u011fitimi<\/a>                    \t\t\t\r\n                                <\/div>\r\n\t\t\t\t\t\t\t\t<p class=\"disc\">Yang\u0131n E\u011fitimi Mir OSGB uzmanl\u0131\u011f\u0131yla! \u0130\u015fyerinizde yang\u0131n risklerini y\u00f6netin,...                  \t\t\t\t<\/p>\r\n                                                    \t\r\n                            \r\n                        <\/div>\r\n                                \r\n            <\/div>\t<\/div>\r\n\t\t\r\n\r\n\t<div class=\"col-lg-4 col-md-6 col-xs-1 grid-item filter_egitimlerimiz \">\r\n\r\n\t<div class=\"portfolio-item content-overlay\">\r\n\t\t\t\t                    <div class=\"portfolio-img\">\r\n                    \t<a href=\"https:\/\/mirosgb.com\/?rt-portfolios=makine-emniyet-egitimi\"><img decoding=\"async\" width=\"410\" height=\"320\" data-src=\"https:\/\/mirosgb.com\/wp-content\/uploads\/2025\/05\/makine-emniyet-egitimi-mirosgb-410x320.webp\" class=\"attachment-finbiz-blog-slider size-finbiz-blog-slider wp-post-image lazyload\" alt=\"\" src=\"data:image\/gif;base64,R0lGODlhAQABAAAAACH5BAEKAAEALAAAAAABAAEAAAICTAEAOw==\" style=\"--smush-placeholder-width: 410px; --smush-placeholder-aspect-ratio: 410\/320;\" \/><\/a>\r\n                    \t<a class=\"pf-btn2\" href=\"https:\/\/mirosgb.com\/?rt-portfolios=makine-emniyet-egitimi\"><i class=\"rt-arrow-right-long\"><\/i><\/a>\r\n                                         \r\n\r\n                    <\/div>\r\n\t\t\t\t\t<div class=\"portfolio-content\">                \t                    \r\n                                                            <span class=\"p-category\"> <a href=\"https:\/\/mirosgb.com\/?rt-portfolio-category=egitimlerimiz\" rel=\"tag\">E\u011fitimlerimiz<\/a><\/span>\r\n                                <div class=\"p-title\">\r\n                                    <a href=\"https:\/\/mirosgb.com\/?rt-portfolios=makine-emniyet-egitimi\">Makine Emniyet E\u011fitimi<\/a>                    \t\t\t\r\n                                <\/div>\r\n\t\t\t\t\t\t\t\t<p class=\"disc\">Mir OSGB ile makine emniyeti e\u011fitimi al\u0131n. Makine ya\u015fam...                  \t\t\t\t<\/p>\r\n                                                    \t\r\n                            \r\n                        <\/div>\r\n                                \r\n            <\/div>\t<\/div>\r\n\t\t\r\n\r\n\t<div class=\"col-lg-4 col-md-6 col-xs-1 grid-item filter_egitimlerimiz \">\r\n\r\n\t<div class=\"portfolio-item content-overlay\">\r\n\t\t\t\t                    <div class=\"portfolio-img\">\r\n                    \t<a href=\"https:\/\/mirosgb.com\/?rt-portfolios=acil-durum-ekipleri-egitimi\"><img decoding=\"async\" width=\"410\" height=\"320\" data-src=\"https:\/\/mirosgb.com\/wp-content\/uploads\/2025\/05\/acil-durum-ekipleri-egitimi-mirosgb-410x320.webp\" class=\"attachment-finbiz-blog-slider size-finbiz-blog-slider wp-post-image lazyload\" alt=\"\" src=\"data:image\/gif;base64,R0lGODlhAQABAAAAACH5BAEKAAEALAAAAAABAAEAAAICTAEAOw==\" style=\"--smush-placeholder-width: 410px; --smush-placeholder-aspect-ratio: 410\/320;\" \/><\/a>\r\n                    \t<a class=\"pf-btn2\" href=\"https:\/\/mirosgb.com\/?rt-portfolios=acil-durum-ekipleri-egitimi\"><i class=\"rt-arrow-right-long\"><\/i><\/a>\r\n                                         \r\n\r\n                    <\/div>\r\n\t\t\t\t\t<div class=\"portfolio-content\">                \t                    \r\n                                                            <span class=\"p-category\"> <a href=\"https:\/\/mirosgb.com\/?rt-portfolio-category=egitimlerimiz\" rel=\"tag\">E\u011fitimlerimiz<\/a><\/span>\r\n                                <div class=\"p-title\">\r\n                                    <a href=\"https:\/\/mirosgb.com\/?rt-portfolios=acil-durum-ekipleri-egitimi\">Acil Durum Ekipleri E\u011fitimi<\/a>                    \t\t\t\r\n                                <\/div>\r\n\t\t\t\t\t\t\t\t<p class=\"disc\">Mir OSGB ile acil durum ekipleri e\u011fitimi al\u0131n. Panik...                  \t\t\t\t<\/p>\r\n                                                    \t\r\n                            \r\n                        <\/div>\r\n                                \r\n            <\/div>\t<\/div>\r\n\t\t\r\n\r\n\t<div class=\"col-lg-4 col-md-6 col-xs-1 grid-item filter_egitimlerimiz \">\r\n\r\n\t<div class=\"portfolio-item content-overlay\">\r\n\t\t\t\t                    <div class=\"portfolio-img\">\r\n                    \t<a href=\"https:\/\/mirosgb.com\/?rt-portfolios=is-sagligi-guvenligi\"><img decoding=\"async\" width=\"410\" height=\"320\" data-src=\"https:\/\/mirosgb.com\/wp-content\/uploads\/2025\/05\/isg-egitim-mirosgb-410x320.jpg\" class=\"attachment-finbiz-blog-slider size-finbiz-blog-slider wp-post-image lazyload\" alt=\"\" src=\"data:image\/gif;base64,R0lGODlhAQABAAAAACH5BAEKAAEALAAAAAABAAEAAAICTAEAOw==\" style=\"--smush-placeholder-width: 410px; --smush-placeholder-aspect-ratio: 410\/320;\" \/><\/a>\r\n                    \t<a class=\"pf-btn2\" href=\"https:\/\/mirosgb.com\/?rt-portfolios=is-sagligi-guvenligi\"><i class=\"rt-arrow-right-long\"><\/i><\/a>\r\n                                         \r\n\r\n                    <\/div>\r\n\t\t\t\t\t<div class=\"portfolio-content\">                \t                    \r\n                                                            <span class=\"p-category\"> <a href=\"https:\/\/mirosgb.com\/?rt-portfolio-category=egitimlerimiz\" rel=\"tag\">E\u011fitimlerimiz<\/a><\/span>\r\n                                <div class=\"p-title\">\r\n                                    <a href=\"https:\/\/mirosgb.com\/?rt-portfolios=is-sagligi-guvenligi\">\u0130\u015f Sa\u011fl\u0131\u011f\u0131 ve G\u00fcvenli\u011fi E\u011fitimi<\/a>                    \t\t\t\r\n                                <\/div>\r\n\t\t\t\t\t\t\t\t<p class=\"disc\">Mir OSGB | \u0130\u015fyeriniz i\u00e7in tam kapsaml\u0131 \u0130\u015f Sa\u011fl\u0131\u011f\u0131...                  \t\t\t\t<\/p>\r\n                                                    \t\r\n                            \r\n                        <\/div>\r\n                                \r\n            <\/div>\t<\/div>\r\n\t\t\r\n\r\n\t<div class=\"col-lg-4 col-md-6 col-xs-1 grid-item filter_egitimlerimiz \">\r\n\r\n\t<div class=\"portfolio-item content-overlay\">\r\n\t\t\t\t                    <div class=\"portfolio-img\">\r\n                    \t<a href=\"https:\/\/mirosgb.com\/?rt-portfolios=ilk-yardim-egitimi\"><img decoding=\"async\" width=\"410\" height=\"320\" data-src=\"https:\/\/mirosgb.com\/wp-content\/uploads\/2025\/05\/temel-ilk-yardim-egitimi-mirosgb-410x320.jpg\" class=\"attachment-finbiz-blog-slider size-finbiz-blog-slider wp-post-image lazyload\" alt=\"\" src=\"data:image\/gif;base64,R0lGODlhAQABAAAAACH5BAEKAAEALAAAAAABAAEAAAICTAEAOw==\" style=\"--smush-placeholder-width: 410px; --smush-placeholder-aspect-ratio: 410\/320;\" \/><\/a>\r\n                    \t<a class=\"pf-btn2\" href=\"https:\/\/mirosgb.com\/?rt-portfolios=ilk-yardim-egitimi\"><i class=\"rt-arrow-right-long\"><\/i><\/a>\r\n                                         \r\n\r\n                    <\/div>\r\n\t\t\t\t\t<div class=\"portfolio-content\">                \t                    \r\n                                                            <span class=\"p-category\"> <a href=\"https:\/\/mirosgb.com\/?rt-portfolio-category=egitimlerimiz\" rel=\"tag\">E\u011fitimlerimiz<\/a><\/span>\r\n                                <div class=\"p-title\">\r\n                                    <a href=\"https:\/\/mirosgb.com\/?rt-portfolios=ilk-yardim-egitimi\">\u0130lk Yard\u0131m E\u011fitimi<\/a>                    \t\t\t\r\n                                <\/div>\r\n\t\t\t\t\t\t\t\t<p class=\"disc\">Mir OSGB: \u0130lk Yard\u0131m E\u011fitimi ile hayat kurtaran beceriler...                  \t\t\t\t<\/p>\r\n                                                    \t\r\n                            \r\n                        <\/div>\r\n                                \r\n            <\/div>\t<\/div>\r\n\t\t\t\t\t<\/div>\r\n\t\t\t<\/div>\r\n\t\t<\/div>\r\n\r\n\t\t\t\t<\/div>\n\t\t\t\t<\/div>\n\t\t\t\t\t<\/div>\n\t\t<\/div>\n\t\t\t\t\t<\/div>\n\t\t<\/section>\n\t\t\t\t<\/div>\n\t\t","protected":false},"excerpt":{"rendered":"<p>E\u011fitimlerimiz Kapal\u0131 K\u0131s\u0131tl\u0131 Alanda \u00c7al\u0131\u015fma Mir OSGB uzmanl\u0131\u011f\u0131yla kapal\u0131 ve k\u0131s\u0131tl\u0131 alan e\u011fitimleri. Tehlikeli&#8230; E\u011fitimlerimiz Acil Durum Ekipleri E\u011fitimi Growth Business Our Business Growth Netus platea nec commodo&#8230; E\u011fitimlerimiz Makine Emniyet E\u011fitimi Growth Business Our Business Growth Netus platea nec commodo&#8230; E\u011fitimlerimiz \u0130skele S\u00fcperviz\u00f6rl\u00fck Growth Business Our Business Growth Netus platea nec commodo&#8230; E\u011fitimlerimiz Y\u00fcksekte&#8230;<\/p>\n","protected":false},"author":1,"featured_media":0,"parent":0,"menu_order":0,"comment_status":"closed","ping_status":"closed","template":"","meta":{"_monsterinsights_skip_tracking":false,"_monsterinsights_sitenote_active":false,"_monsterinsights_sitenote_note":"","_monsterinsights_sitenote_category":0,"footnotes":""},"class_list":["post-6846","page","type-page","status-publish","hentry"],"aioseo_notices":[],"_links":{"self":[{"href":"https:\/\/mirosgb.com\/index.php?rest_route=\/wp\/v2\/pages\/6846","targetHints":{"allow":["GET"]}}],"collection":[{"href":"https:\/\/mirosgb.com\/index.php?rest_route=\/wp\/v2\/pages"}],"about":[{"href":"https:\/\/mirosgb.com\/index.php?rest_route=\/wp\/v2\/types\/page"}],"author":[{"embeddable":true,"href":"https:\/\/mirosgb.com\/index.php?rest_route=\/wp\/v2\/users\/1"}],"replies":[{"embeddable":true,"href":"https:\/\/mirosgb.com\/index.php?rest_route=%2Fwp%2Fv2%2Fcomments&post=6846"}],"version-history":[{"count":9,"href":"https:\/\/mirosgb.com\/index.php?rest_route=\/wp\/v2\/pages\/6846\/revisions"}],"predecessor-version":[{"id":10412,"href":"https:\/\/mirosgb.com\/index.php?rest_route=\/wp\/v2\/pages\/6846\/revisions\/10412"}],"wp:attachment":[{"href":"https:\/\/mirosgb.com\/index.php?rest_route=%2Fwp%2Fv2%2Fmedia&parent=6846"}],"curies":[{"name":"wp","href":"https:\/\/api.w.org\/{rel}","templated":true}]}}