{"id":6938,"date":"2025-05-03T11:22:30","date_gmt":"2025-05-03T08:22:30","guid":{"rendered":"https:\/\/reactheme.com\/products\/wordpress\/finbiz\/?page_id=6938"},"modified":"2025-05-03T20:15:11","modified_gmt":"2025-05-03T17:15:11","slug":"haberller-duyurular","status":"publish","type":"page","link":"https:\/\/mirosgb.com\/?page_id=6938","title":{"rendered":"Haberler &#038; Duyurular"},"content":{"rendered":"\t\t<div data-elementor-type=\"wp-page\" data-elementor-id=\"6938\" class=\"elementor elementor-6938\">\n\t\t\t\t\t\t<section class=\"elementor-section elementor-top-section elementor-element elementor-element-20ba01c elementor-section-boxed elementor-section-height-default elementor-section-height-default\" data-id=\"20ba01c\" data-element_type=\"section\">\n\t\t\t\t\t\t<div class=\"elementor-container elementor-column-gap-default\">\n\t\t\t\t\t<div class=\"elementor-column elementor-col-100 elementor-top-column elementor-element elementor-element-468398c\" data-id=\"468398c\" data-element_type=\"column\">\n\t\t\t<div class=\"elementor-widget-wrap elementor-element-populated\">\n\t\t\t\t\t\t<div class=\"elementor-element elementor-element-9aaf83a elementor-widget elementor-widget-react-blog\" data-id=\"9aaf83a\" data-element_type=\"widget\" data-widget_type=\"react-blog.default\">\n\t\t\t\t<div class=\"elementor-widget-container\">\n\t\t\t\t\t\r\n\t\t<div class=\"reactheme-blog-grid2x reactheme-blog-grid blog--style4 blog--style1\">            \r\n\r\n            <div class=\"row blog-gird-item\">\r\n                \r\n\t\t\t \t                     \r\n\t\t\t\t\t\r\n\t\t\t\t\t<div class=\"grid-item col-lg-4 col-md-12 col-sm-12  filter_is-sagligi-ve-guvenligi \">\r\n\r\n                        <div class=\"align-items-center no-gutter blog-item reactheme-blog-grid1\">\r\n    <div class=\"col-md-12\">\r\n        <div class=\"image-part\">\r\n            <a href=\"https:\/\/mirosgb.com\/?p=1269\">\r\n                <img fetchpriority=\"high\" decoding=\"async\" width=\"640\" height=\"376\" src=\"https:\/\/mirosgb.com\/wp-content\/uploads\/2025\/05\/isyeri-hekimligi-mirosgb.jpg\" class=\"attachment-large size-large wp-post-image\" alt=\"\" srcset=\"https:\/\/mirosgb.com\/wp-content\/uploads\/2025\/05\/isyeri-hekimligi-mirosgb.jpg 850w, https:\/\/mirosgb.com\/wp-content\/uploads\/2025\/05\/isyeri-hekimligi-mirosgb-300x176.jpg 300w, https:\/\/mirosgb.com\/wp-content\/uploads\/2025\/05\/isyeri-hekimligi-mirosgb-768x452.jpg 768w\" sizes=\"(max-width: 640px) 100vw, 640px\" \/>            <\/a>\r\n                                                <div class=\"date-full\">\r\n                        <div class=\"day\">03<\/div>\r\n                        <div class=\"month\">May<\/div>\r\n                    <\/div>\r\n                                        <div class=\"meta-info\">\r\n                                                    <div class=\"author-info d-flex align-items-center\">   \r\n                        <i class=\"fal fa-user-circle\"><\/i>                    \r\n                        <div class=\"info\">\r\n                            <p class=\"author-name m-0\">admin<\/p>                           \r\n                        <\/div>\r\n                    <\/div>\r\n                                                            <ul class=\"blog-meta d-flex align-items-center\">\r\n\r\n                                    <i class=\"fal fa-tags\"><\/i>\r\n                    <div class=\"cat_list\">\r\n                        \r\n                        <ul class=\"post-categories\">\n\t<li><a href=\"https:\/\/mirosgb.com\/?cat=8\" rel=\"category\">\u0130\u015f Sa\u011fl\u0131\u011f\u0131 ve G\u00fcvenli\u011fi<\/a><\/li><\/ul>                    <\/div>\r\n                            <\/ul>\r\n                       \r\n            <\/div>\r\n           \r\n        <\/div>\r\n    <\/div>\r\n    <div class=\"col-md-12\">\r\n        <div class=\"blog-content\">        \r\n          \r\n            <h3 class=\"title dd\"><a href=\"https:\/\/mirosgb.com\/?p=1269\">\u0130\u015fyeri Hekimi: \u0130\u015fyerinizin Sa\u011fl\u0131k G\u00fcvenli\u011findeki Kilit Rol\u00fc ve \u00d6nemi<\/a><\/h3>\r\n            \r\n              \r\n                    <\/div>\r\n    <\/div>\r\n<\/div>                            \r\n                    <\/div>\r\n\t\t\t\t\t                     \r\n\t\t\t\t\t\r\n\t\t\t\t\t<div class=\"grid-item col-lg-4 col-md-12 col-sm-12  filter_is-sagligi-ve-guvenligi \">\r\n\r\n                        <div class=\"align-items-center no-gutter blog-item reactheme-blog-grid1\">\r\n    <div class=\"col-md-12\">\r\n        <div class=\"image-part\">\r\n            <a href=\"https:\/\/mirosgb.com\/?p=6946\">\r\n                <img decoding=\"async\" width=\"640\" height=\"380\" data-src=\"https:\/\/mirosgb.com\/wp-content\/uploads\/2025\/05\/is-kazasi-blog.jpg\" class=\"attachment-large size-large wp-post-image lazyload\" alt=\"\" data-srcset=\"https:\/\/mirosgb.com\/wp-content\/uploads\/2025\/05\/is-kazasi-blog.jpg 843w, https:\/\/mirosgb.com\/wp-content\/uploads\/2025\/05\/is-kazasi-blog-300x178.jpg 300w, https:\/\/mirosgb.com\/wp-content\/uploads\/2025\/05\/is-kazasi-blog-768x456.jpg 768w\" data-sizes=\"(max-width: 640px) 100vw, 640px\" src=\"data:image\/gif;base64,R0lGODlhAQABAAAAACH5BAEKAAEALAAAAAABAAEAAAICTAEAOw==\" style=\"--smush-placeholder-width: 640px; --smush-placeholder-aspect-ratio: 640\/380;\" \/>            <\/a>\r\n                                                <div class=\"date-full\">\r\n                        <div class=\"day\">03<\/div>\r\n                        <div class=\"month\">May<\/div>\r\n                    <\/div>\r\n                                        <div class=\"meta-info\">\r\n                                                    <div class=\"author-info d-flex align-items-center\">   \r\n                        <i class=\"fal fa-user-circle\"><\/i>                    \r\n                        <div class=\"info\">\r\n                            <p class=\"author-name m-0\">admin<\/p>                           \r\n                        <\/div>\r\n                    <\/div>\r\n                                                            <ul class=\"blog-meta d-flex align-items-center\">\r\n\r\n                                    <i class=\"fal fa-tags\"><\/i>\r\n                    <div class=\"cat_list\">\r\n                        \r\n                        <ul class=\"post-categories\">\n\t<li><a href=\"https:\/\/mirosgb.com\/?cat=8\" rel=\"category\">\u0130\u015f Sa\u011fl\u0131\u011f\u0131 ve G\u00fcvenli\u011fi<\/a><\/li><\/ul>                    <\/div>\r\n                            <\/ul>\r\n                       \r\n            <\/div>\r\n           \r\n        <\/div>\r\n    <\/div>\r\n    <div class=\"col-md-12\">\r\n        <div class=\"blog-content\">        \r\n          \r\n            <h3 class=\"title dd\"><a href=\"https:\/\/mirosgb.com\/?p=6946\">\u0130\u015f Kazas\u0131 Nedir? Yasal Tan\u0131m\u0131 ve \u0130\u015fyerleri \u0130\u00e7in \u00d6nemi<\/a><\/h3>\r\n            \r\n              \r\n                    <\/div>\r\n    <\/div>\r\n<\/div>                            \r\n                    <\/div>\r\n\t\t\t\t\t                     \r\n\t\t\t\t\t\r\n\t\t\t\t\t<div class=\"grid-item col-lg-4 col-md-12 col-sm-12  filter_is-sagligi-ve-guvenligi \">\r\n\r\n                        <div class=\"align-items-center no-gutter blog-item reactheme-blog-grid1\">\r\n    <div class=\"col-md-12\">\r\n        <div class=\"image-part\">\r\n            <a href=\"https:\/\/mirosgb.com\/?p=1327\">\r\n                <img decoding=\"async\" width=\"640\" height=\"380\" data-src=\"https:\/\/mirosgb.com\/wp-content\/uploads\/2022\/10\/blog-lg-1.jpg\" class=\"attachment-large size-large wp-post-image lazyload\" alt=\"\" data-srcset=\"https:\/\/mirosgb.com\/wp-content\/uploads\/2022\/10\/blog-lg-1.jpg 843w, https:\/\/mirosgb.com\/wp-content\/uploads\/2022\/10\/blog-lg-1-300x178.jpg 300w, https:\/\/mirosgb.com\/wp-content\/uploads\/2022\/10\/blog-lg-1-768x456.jpg 768w\" data-sizes=\"(max-width: 640px) 100vw, 640px\" src=\"data:image\/gif;base64,R0lGODlhAQABAAAAACH5BAEKAAEALAAAAAABAAEAAAICTAEAOw==\" style=\"--smush-placeholder-width: 640px; --smush-placeholder-aspect-ratio: 640\/380;\" \/>            <\/a>\r\n                                                <div class=\"date-full\">\r\n                        <div class=\"day\">03<\/div>\r\n                        <div class=\"month\">May<\/div>\r\n                    <\/div>\r\n                                        <div class=\"meta-info\">\r\n                                                    <div class=\"author-info d-flex align-items-center\">   \r\n                        <i class=\"fal fa-user-circle\"><\/i>                    \r\n                        <div class=\"info\">\r\n                            <p class=\"author-name m-0\">admin<\/p>                           \r\n                        <\/div>\r\n                    <\/div>\r\n                                                            <ul class=\"blog-meta d-flex align-items-center\">\r\n\r\n                                    <i class=\"fal fa-tags\"><\/i>\r\n                    <div class=\"cat_list\">\r\n                        \r\n                        <ul class=\"post-categories\">\n\t<li><a href=\"https:\/\/mirosgb.com\/?cat=8\" rel=\"category\">\u0130\u015f Sa\u011fl\u0131\u011f\u0131 ve G\u00fcvenli\u011fi<\/a><\/li><\/ul>                    <\/div>\r\n                            <\/ul>\r\n                       \r\n            <\/div>\r\n           \r\n        <\/div>\r\n    <\/div>\r\n    <div class=\"col-md-12\">\r\n        <div class=\"blog-content\">        \r\n          \r\n            <h3 class=\"title dd\"><a href=\"https:\/\/mirosgb.com\/?p=1327\">\u0130\u015f Sa\u011fl\u0131\u011f\u0131 ve G\u00fcvenli\u011fi: Sadece Bir Zorunluluk De\u011fil, G\u00fcvenli Bir Gelece\u011fin Teminat\u0131<\/a><\/h3>\r\n            \r\n              \r\n                    <\/div>\r\n    <\/div>\r\n<\/div>                            \r\n                    <\/div>\r\n\t\t\t\t\t                     \r\n\t\t\t\t\t\r\n\t\t\t\t\t<div class=\"grid-item col-lg-4 col-md-12 col-sm-12  filter_is-sagligi-ve-guvenligi \">\r\n\r\n                        <div class=\"align-items-center no-gutter blog-item reactheme-blog-grid1\">\r\n    <div class=\"col-md-12\">\r\n        <div class=\"image-part\">\r\n            <a href=\"https:\/\/mirosgb.com\/?p=1328\">\r\n                <img decoding=\"async\" width=\"640\" height=\"380\" data-src=\"https:\/\/mirosgb.com\/wp-content\/uploads\/2025\/05\/sanliurfa-is-mirosgb.jpg\" class=\"attachment-large size-large wp-post-image lazyload\" alt=\"\" data-srcset=\"https:\/\/mirosgb.com\/wp-content\/uploads\/2025\/05\/sanliurfa-is-mirosgb.jpg 843w, https:\/\/mirosgb.com\/wp-content\/uploads\/2025\/05\/sanliurfa-is-mirosgb-300x178.jpg 300w, https:\/\/mirosgb.com\/wp-content\/uploads\/2025\/05\/sanliurfa-is-mirosgb-768x456.jpg 768w\" data-sizes=\"(max-width: 640px) 100vw, 640px\" src=\"data:image\/gif;base64,R0lGODlhAQABAAAAACH5BAEKAAEALAAAAAABAAEAAAICTAEAOw==\" style=\"--smush-placeholder-width: 640px; --smush-placeholder-aspect-ratio: 640\/380;\" \/>            <\/a>\r\n                                                <div class=\"date-full\">\r\n                        <div class=\"day\">03<\/div>\r\n                        <div class=\"month\">May<\/div>\r\n                    <\/div>\r\n                                        <div class=\"meta-info\">\r\n                                                    <div class=\"author-info d-flex align-items-center\">   \r\n                        <i class=\"fal fa-user-circle\"><\/i>                    \r\n                        <div class=\"info\">\r\n                            <p class=\"author-name m-0\">admin<\/p>                           \r\n                        <\/div>\r\n                    <\/div>\r\n                                                            <ul class=\"blog-meta d-flex align-items-center\">\r\n\r\n                                    <i class=\"fal fa-tags\"><\/i>\r\n                    <div class=\"cat_list\">\r\n                        \r\n                        <ul class=\"post-categories\">\n\t<li><a href=\"https:\/\/mirosgb.com\/?cat=8\" rel=\"category\">\u0130\u015f Sa\u011fl\u0131\u011f\u0131 ve G\u00fcvenli\u011fi<\/a><\/li><\/ul>                    <\/div>\r\n                            <\/ul>\r\n                       \r\n            <\/div>\r\n           \r\n        <\/div>\r\n    <\/div>\r\n    <div class=\"col-md-12\">\r\n        <div class=\"blog-content\">        \r\n          \r\n            <h3 class=\"title dd\"><a href=\"https:\/\/mirosgb.com\/?p=1328\">\u015eanl\u0131urfa Topraklar\u0131nda G\u00fcvenli Hasat: Tar\u0131m Sekt\u00f6r\u00fcnde \u0130\u015f Sa\u011fl\u0131\u011f\u0131 ve G\u00fcvenli\u011fi Neden Hayati \u00d6nem Ta\u015f\u0131r?<\/a><\/h3>\r\n            \r\n              \r\n                    <\/div>\r\n    <\/div>\r\n<\/div>                            \r\n                    <\/div>\r\n\t\t\t\t\t                     \r\n\t\t\t\t\t\r\n\t\t\t\t\t<div class=\"grid-item col-lg-4 col-md-12 col-sm-12  filter_is-sagligi-ve-guvenligi \">\r\n\r\n                        <div class=\"align-items-center no-gutter blog-item reactheme-blog-grid1\">\r\n    <div class=\"col-md-12\">\r\n        <div class=\"image-part\">\r\n            <a href=\"https:\/\/mirosgb.com\/?p=1329\">\r\n                <img decoding=\"async\" width=\"640\" height=\"380\" data-src=\"https:\/\/mirosgb.com\/wp-content\/uploads\/2022\/10\/blog-lg-2.jpg\" class=\"attachment-large size-large wp-post-image lazyload\" alt=\"\" data-srcset=\"https:\/\/mirosgb.com\/wp-content\/uploads\/2022\/10\/blog-lg-2.jpg 843w, https:\/\/mirosgb.com\/wp-content\/uploads\/2022\/10\/blog-lg-2-300x178.jpg 300w, https:\/\/mirosgb.com\/wp-content\/uploads\/2022\/10\/blog-lg-2-768x456.jpg 768w\" data-sizes=\"(max-width: 640px) 100vw, 640px\" src=\"data:image\/gif;base64,R0lGODlhAQABAAAAACH5BAEKAAEALAAAAAABAAEAAAICTAEAOw==\" style=\"--smush-placeholder-width: 640px; --smush-placeholder-aspect-ratio: 640\/380;\" \/>            <\/a>\r\n                                                <div class=\"date-full\">\r\n                        <div class=\"day\">03<\/div>\r\n                        <div class=\"month\">May<\/div>\r\n                    <\/div>\r\n                                        <div class=\"meta-info\">\r\n                                                    <div class=\"author-info d-flex align-items-center\">   \r\n                        <i class=\"fal fa-user-circle\"><\/i>                    \r\n                        <div class=\"info\">\r\n                            <p class=\"author-name m-0\">admin<\/p>                           \r\n                        <\/div>\r\n                    <\/div>\r\n                                                            <ul class=\"blog-meta d-flex align-items-center\">\r\n\r\n                                    <i class=\"fal fa-tags\"><\/i>\r\n                    <div class=\"cat_list\">\r\n                        \r\n                        <ul class=\"post-categories\">\n\t<li><a href=\"https:\/\/mirosgb.com\/?cat=8\" rel=\"category\">\u0130\u015f Sa\u011fl\u0131\u011f\u0131 ve G\u00fcvenli\u011fi<\/a><\/li><\/ul>                    <\/div>\r\n                            <\/ul>\r\n                       \r\n            <\/div>\r\n           \r\n        <\/div>\r\n    <\/div>\r\n    <div class=\"col-md-12\">\r\n        <div class=\"blog-content\">        \r\n          \r\n            <h3 class=\"title dd\"><a href=\"https:\/\/mirosgb.com\/?p=1329\">\u0130\u015f Sa\u011fl\u0131\u011f\u0131 ve G\u00fcvenli\u011fi Mevzuatlar\u0131na Kolay Eri\u015fim Rehberi: Ad\u0131m Ad\u0131m Yasal Uyum<\/a><\/h3>\r\n            \r\n              \r\n                    <\/div>\r\n    <\/div>\r\n<\/div>                            \r\n                    <\/div>\r\n\t\t\t\t\t                     \r\n\t\t\t\t\t\r\n\t\t\t\t\t<div class=\"grid-item col-lg-4 col-md-12 col-sm-12  filter_is-sagligi-ve-guvenligi \">\r\n\r\n                        <div class=\"align-items-center no-gutter blog-item reactheme-blog-grid1\">\r\n    <div class=\"col-md-12\">\r\n        <div class=\"image-part\">\r\n            <a href=\"https:\/\/mirosgb.com\/?p=1326\">\r\n                <img decoding=\"async\" width=\"640\" height=\"380\" data-src=\"https:\/\/mirosgb.com\/wp-content\/uploads\/2022\/10\/blog-lg-3.jpg\" class=\"attachment-large size-large wp-post-image lazyload\" alt=\"\" data-srcset=\"https:\/\/mirosgb.com\/wp-content\/uploads\/2022\/10\/blog-lg-3.jpg 843w, https:\/\/mirosgb.com\/wp-content\/uploads\/2022\/10\/blog-lg-3-300x178.jpg 300w, https:\/\/mirosgb.com\/wp-content\/uploads\/2022\/10\/blog-lg-3-768x456.jpg 768w\" data-sizes=\"(max-width: 640px) 100vw, 640px\" src=\"data:image\/gif;base64,R0lGODlhAQABAAAAACH5BAEKAAEALAAAAAABAAEAAAICTAEAOw==\" style=\"--smush-placeholder-width: 640px; --smush-placeholder-aspect-ratio: 640\/380;\" \/>            <\/a>\r\n                                                <div class=\"date-full\">\r\n                        <div class=\"day\">02<\/div>\r\n                        <div class=\"month\">May<\/div>\r\n                    <\/div>\r\n                                        <div class=\"meta-info\">\r\n                                                    <div class=\"author-info d-flex align-items-center\">   \r\n                        <i class=\"fal fa-user-circle\"><\/i>                    \r\n                        <div class=\"info\">\r\n                            <p class=\"author-name m-0\">admin<\/p>                           \r\n                        <\/div>\r\n                    <\/div>\r\n                                                            <ul class=\"blog-meta d-flex align-items-center\">\r\n\r\n                                    <i class=\"fal fa-tags\"><\/i>\r\n                    <div class=\"cat_list\">\r\n                        \r\n                        <ul class=\"post-categories\">\n\t<li><a href=\"https:\/\/mirosgb.com\/?cat=8\" rel=\"category\">\u0130\u015f Sa\u011fl\u0131\u011f\u0131 ve G\u00fcvenli\u011fi<\/a><\/li><\/ul>                    <\/div>\r\n                            <\/ul>\r\n                       \r\n            <\/div>\r\n           \r\n        <\/div>\r\n    <\/div>\r\n    <div class=\"col-md-12\">\r\n        <div class=\"blog-content\">        \r\n          \r\n            <h3 class=\"title dd\"><a href=\"https:\/\/mirosgb.com\/?p=1326\">Esnek \u00c7al\u0131\u015fma Sistemlerinde \u0130\u015f Sa\u011fl\u0131\u011f\u0131 ve G\u00fcvenli\u011fi: Yeni Normlar, Yeni Dikkat Edilmesi Gerekenler<\/a><\/h3>\r\n            \r\n              \r\n                    <\/div>\r\n    <\/div>\r\n<\/div>                            \r\n                    <\/div>\r\n\t\t\t\t\t                 \r\n                         \r\n                <\/div>   \r\n                               \r\n            \t    \r\n                              \r\n\t\t<\/div>\r\n\t   \t\t\t\t<\/div>\n\t\t\t\t<\/div>\n\t\t\t\t\t<\/div>\n\t\t<\/div>\n\t\t\t\t\t<\/div>\n\t\t<\/section>\n\t\t\t\t<\/div>\n\t\t","protected":false},"excerpt":{"rendered":"<p>23 Oct David Smith Strategy Business Do a weekly roundup of relevant news and profit 23 Oct David Smith Business Solution Profitable business makes to you happy and growth 23 Oct David Smith Marketing Solution Point out common mistakes and your failure issues 23 Oct David Smith Corporate Solution Report current news in your business&#8230;<\/p>\n","protected":false},"author":1,"featured_media":0,"parent":0,"menu_order":0,"comment_status":"closed","ping_status":"closed","template":"","meta":{"_monsterinsights_skip_tracking":false,"_monsterinsights_sitenote_active":false,"_monsterinsights_sitenote_note":"","_monsterinsights_sitenote_category":0,"footnotes":""},"class_list":["post-6938","page","type-page","status-publish","hentry"],"aioseo_notices":[],"_links":{"self":[{"href":"https:\/\/mirosgb.com\/index.php?rest_route=\/wp\/v2\/pages\/6938","targetHints":{"allow":["GET"]}}],"collection":[{"href":"https:\/\/mirosgb.com\/index.php?rest_route=\/wp\/v2\/pages"}],"about":[{"href":"https:\/\/mirosgb.com\/index.php?rest_route=\/wp\/v2\/types\/page"}],"author":[{"embeddable":true,"href":"https:\/\/mirosgb.com\/index.php?rest_route=\/wp\/v2\/users\/1"}],"replies":[{"embeddable":true,"href":"https:\/\/mirosgb.com\/index.php?rest_route=%2Fwp%2Fv2%2Fcomments&post=6938"}],"version-history":[{"count":2,"href":"https:\/\/mirosgb.com\/index.php?rest_route=\/wp\/v2\/pages\/6938\/revisions"}],"predecessor-version":[{"id":10618,"href":"https:\/\/mirosgb.com\/index.php?rest_route=\/wp\/v2\/pages\/6938\/revisions\/10618"}],"wp:attachment":[{"href":"https:\/\/mirosgb.com\/index.php?rest_route=%2Fwp%2Fv2%2Fmedia&parent=6938"}],"curies":[{"name":"wp","href":"https:\/\/api.w.org\/{rel}","templated":true}]}}